{"id":658,"date":"2022-01-25T23:08:13","date_gmt":"2022-01-25T22:08:13","guid":{"rendered":"https:\/\/planetepaix.org\/Sommet_jeunes_champions\/?page_id=658"},"modified":"2022-02-24T00:32:38","modified_gmt":"2022-02-23T23:32:38","slug":"expert-paneliste","status":"publish","type":"page","link":"https:\/\/planetepaix.org\/Sommet_jeunes_champions\/expert-paneliste\/","title":{"rendered":"Experts-panelistes"},"content":{"rendered":"\n\n\n\n\n<div class=\"wp-block-columns is-layout-flex wp-container-core-columns-is-layout-9d6595d7 wp-block-columns-is-layout-flex\">\n<div class=\"wp-block-column is-layout-flow wp-block-column-is-layout-flow\">\n<figure class=\"wp-block-image size-large\"><img loading=\"lazy\" decoding=\"async\" width=\"1024\" height=\"658\" src=\"https:\/\/planetepaix.org\/Sommet_jeunes_champions\/wp-content\/uploads\/2022\/02\/img_7-1024x658.jpg\" alt=\"\" class=\"wp-image-765\" srcset=\"https:\/\/planetepaix.org\/Sommet_jeunes_champions\/wp-content\/uploads\/2022\/02\/img_7-1024x658.jpg 1024w, https:\/\/planetepaix.org\/Sommet_jeunes_champions\/wp-content\/uploads\/2022\/02\/img_7-300x193.jpg 300w, https:\/\/planetepaix.org\/Sommet_jeunes_champions\/wp-content\/uploads\/2022\/02\/img_7-768x494.jpg 768w, https:\/\/planetepaix.org\/Sommet_jeunes_champions\/wp-content\/uploads\/2022\/02\/img_7-1536x987.jpg 1536w, https:\/\/planetepaix.org\/Sommet_jeunes_champions\/wp-content\/uploads\/2022\/02\/img_7-2048x1317.jpg 2048w\" sizes=\"auto, (max-width: 1024px) 100vw, 1024px\" \/><figcaption><strong>SANOU Fatogoma Philippe<\/strong><br>, conseiller de jeunesse et d&rsquo;\u00e9ducation permanente  <\/figcaption><\/figure>\n<\/div>\n\n\n\n<div class=\"wp-block-column is-layout-flow wp-block-column-is-layout-flow\">\n<figure class=\"wp-block-image size-large\"><img loading=\"lazy\" decoding=\"async\" width=\"1024\" height=\"658\" src=\"https:\/\/planetepaix.org\/Sommet_jeunes_champions\/wp-content\/uploads\/2022\/02\/img_1-1024x658.jpg\" alt=\"\" class=\"wp-image-766\" srcset=\"https:\/\/planetepaix.org\/Sommet_jeunes_champions\/wp-content\/uploads\/2022\/02\/img_1-1024x658.jpg 1024w, https:\/\/planetepaix.org\/Sommet_jeunes_champions\/wp-content\/uploads\/2022\/02\/img_1-300x193.jpg 300w, https:\/\/planetepaix.org\/Sommet_jeunes_champions\/wp-content\/uploads\/2022\/02\/img_1-768x494.jpg 768w, https:\/\/planetepaix.org\/Sommet_jeunes_champions\/wp-content\/uploads\/2022\/02\/img_1-1536x987.jpg 1536w, https:\/\/planetepaix.org\/Sommet_jeunes_champions\/wp-content\/uploads\/2022\/02\/img_1-2048x1317.jpg 2048w\" sizes=\"auto, (max-width: 1024px) 100vw, 1024px\" \/><figcaption><strong>Commissaire de police Abdoulaye Traor\u00e9, <\/strong>commandant adjoint de la Brigade Anti criminelle de Bobo Dioulasso\u00a0 BAC<\/figcaption><\/figure>\n\n\n<div class='w3eden'><!-- WPDM Link Template: Default Template -->\n\n<div class=\"link-template-default card mb-2\">\n    <div class=\"card-body\">\n        <div class=\"media\">\n            <div class=\"mr-3 img-48\"><img decoding=\"async\" class=\"wpdm_icon\" alt=\"Ic\u00f4ne\" src=\"https:\/\/planetepaix.org\/Sommet_jeunes_champions\/wp-content\/plugins\/download-manager\/assets\/file-type-icons\/pdf.svg\" \/><\/div>\n            <div class=\"media-body\">\n                <h3 class=\"package-title\"><a href='https:\/\/planetepaix.org\/Sommet_jeunes_champions\/download\/lutte-contre-terrorisme\/'>La lutte contre le terrorisme, contribution de la jeunesse<\/a><\/h3>\n                <div class=\"text-muted text-small\"><i class=\"fas fa-copy\"><\/i> 1 fichier\u00b7s <i class=\"fas fa-hdd ml-3\"><\/i> 5 Mo<\/div>\n            <\/div>\n            <div class=\"ml-3\">\n                <a class='wpdm-download-link download-on-click btn btn-link btn-xs' rel='nofollow' href='#' data-downloadurl=\"https:\/\/planetepaix.org\/Sommet_jeunes_champions\/download\/lutte-contre-terrorisme\/?wpdmdl=776&refresh=69d090460ede61775276102\">T\u00e9l\u00e9charger<\/a>\n            <\/div>\n        <\/div>\n    <\/div>\n<\/div>\n\n<\/div>\n<\/div>\n\n\n\n<div class=\"wp-block-column is-layout-flow wp-block-column-is-layout-flow\">\n<figure class=\"wp-block-image size-large\"><img loading=\"lazy\" decoding=\"async\" width=\"1024\" height=\"658\" src=\"https:\/\/planetepaix.org\/Sommet_jeunes_champions\/wp-content\/uploads\/2022\/02\/img_2-1024x658.jpg\" alt=\"\" class=\"wp-image-767\" srcset=\"https:\/\/planetepaix.org\/Sommet_jeunes_champions\/wp-content\/uploads\/2022\/02\/img_2-1024x658.jpg 1024w, https:\/\/planetepaix.org\/Sommet_jeunes_champions\/wp-content\/uploads\/2022\/02\/img_2-300x193.jpg 300w, https:\/\/planetepaix.org\/Sommet_jeunes_champions\/wp-content\/uploads\/2022\/02\/img_2-768x494.jpg 768w, https:\/\/planetepaix.org\/Sommet_jeunes_champions\/wp-content\/uploads\/2022\/02\/img_2-1536x987.jpg 1536w, https:\/\/planetepaix.org\/Sommet_jeunes_champions\/wp-content\/uploads\/2022\/02\/img_2-2048x1317.jpg 2048w\" sizes=\"auto, (max-width: 1024px) 100vw, 1024px\" \/><figcaption><strong>Mlle. \u00a0Kouassi Assie Adjo<em>, <\/em><\/strong><br>Sp\u00e9cialiste en ing\u00e9nierie de genre<\/figcaption><\/figure>\n<\/div>\n<\/div>\n\n\n\n<div class=\"wp-block-columns is-layout-flex wp-container-core-columns-is-layout-9d6595d7 wp-block-columns-is-layout-flex\">\n<div class=\"wp-block-column is-layout-flow wp-block-column-is-layout-flow\">\n<figure class=\"wp-block-image size-large\"><img loading=\"lazy\" decoding=\"async\" width=\"1024\" height=\"658\" src=\"https:\/\/planetepaix.org\/Sommet_jeunes_champions\/wp-content\/uploads\/2022\/02\/img_3-1024x658.jpg\" alt=\"\" class=\"wp-image-768\" srcset=\"https:\/\/planetepaix.org\/Sommet_jeunes_champions\/wp-content\/uploads\/2022\/02\/img_3-1024x658.jpg 1024w, https:\/\/planetepaix.org\/Sommet_jeunes_champions\/wp-content\/uploads\/2022\/02\/img_3-300x193.jpg 300w, https:\/\/planetepaix.org\/Sommet_jeunes_champions\/wp-content\/uploads\/2022\/02\/img_3-768x494.jpg 768w, https:\/\/planetepaix.org\/Sommet_jeunes_champions\/wp-content\/uploads\/2022\/02\/img_3-1536x987.jpg 1536w, https:\/\/planetepaix.org\/Sommet_jeunes_champions\/wp-content\/uploads\/2022\/02\/img_3-2048x1317.jpg 2048w\" sizes=\"auto, (max-width: 1024px) 100vw, 1024px\" \/><figcaption><strong>Dr. Gerson Yawo ISSIAKOU<em>,<\/em><\/strong><br> Juriste\u00a0 enseignant \u00e0 l&rsquo;universit\u00e9 Nazi Boni<\/figcaption><\/figure>\n<\/div>\n\n\n\n<div class=\"wp-block-column is-layout-flow wp-block-column-is-layout-flow\">\n<figure class=\"wp-block-image\"><img loading=\"lazy\" decoding=\"async\" width=\"1024\" height=\"658\" src=\"https:\/\/planetepaix.org\/Sommet_jeunes_champions\/wp-content\/uploads\/2022\/02\/img_4-1024x658.jpg\" alt=\"\" class=\"wp-image-769\" srcset=\"https:\/\/planetepaix.org\/Sommet_jeunes_champions\/wp-content\/uploads\/2022\/02\/img_4-1024x658.jpg 1024w, https:\/\/planetepaix.org\/Sommet_jeunes_champions\/wp-content\/uploads\/2022\/02\/img_4-300x193.jpg 300w, https:\/\/planetepaix.org\/Sommet_jeunes_champions\/wp-content\/uploads\/2022\/02\/img_4-768x494.jpg 768w, https:\/\/planetepaix.org\/Sommet_jeunes_champions\/wp-content\/uploads\/2022\/02\/img_4-1536x987.jpg 1536w, https:\/\/planetepaix.org\/Sommet_jeunes_champions\/wp-content\/uploads\/2022\/02\/img_4-2048x1317.jpg 2048w\" sizes=\"auto, (max-width: 1024px) 100vw, 1024px\" \/><figcaption><strong>M Koffi EKRA, <\/strong><br>g\u00e9ologue<\/figcaption><\/figure>\n\n\n<div class='w3eden'><!-- WPDM Link Template: Default Template -->\n\n<div class=\"link-template-default card mb-2\">\n    <div class=\"card-body\">\n        <div class=\"media\">\n            <div class=\"mr-3 img-48\"><img decoding=\"async\" class=\"wpdm_icon\" alt=\"Ic\u00f4ne\" src=\"https:\/\/planetepaix.org\/Sommet_jeunes_champions\/wp-content\/plugins\/download-manager\/assets\/file-type-icons\/pdf.svg\" \/><\/div>\n            <div class=\"media-body\">\n                <h3 class=\"package-title\"><a href='https:\/\/planetepaix.org\/Sommet_jeunes_champions\/download\/changement-climatique-et-migration-climatique\/'>Changement climatique et migration climatique<\/a><\/h3>\n                <div class=\"text-muted text-small\"><i class=\"fas fa-copy\"><\/i> 1 fichier\u00b7s <i class=\"fas fa-hdd ml-3\"><\/i> 1\u00a0019 Ko<\/div>\n            <\/div>\n            <div class=\"ml-3\">\n                <a class='wpdm-download-link download-on-click btn btn-link btn-xs' rel='nofollow' href='#' data-downloadurl=\"https:\/\/planetepaix.org\/Sommet_jeunes_champions\/download\/changement-climatique-et-migration-climatique\/?wpdmdl=780&refresh=69d09046151e21775276102\">T\u00e9l\u00e9charger<\/a>\n            <\/div>\n        <\/div>\n    <\/div>\n<\/div>\n\n<\/div>\n<\/div>\n\n\n\n<div class=\"wp-block-column is-layout-flow wp-block-column-is-layout-flow\">\n<figure class=\"wp-block-image size-large\"><img loading=\"lazy\" decoding=\"async\" width=\"1024\" height=\"658\" src=\"https:\/\/planetepaix.org\/Sommet_jeunes_champions\/wp-content\/uploads\/2022\/02\/img_5-1024x658.jpg\" alt=\"\" class=\"wp-image-770\" srcset=\"https:\/\/planetepaix.org\/Sommet_jeunes_champions\/wp-content\/uploads\/2022\/02\/img_5-1024x658.jpg 1024w, https:\/\/planetepaix.org\/Sommet_jeunes_champions\/wp-content\/uploads\/2022\/02\/img_5-300x193.jpg 300w, https:\/\/planetepaix.org\/Sommet_jeunes_champions\/wp-content\/uploads\/2022\/02\/img_5-768x494.jpg 768w, https:\/\/planetepaix.org\/Sommet_jeunes_champions\/wp-content\/uploads\/2022\/02\/img_5-1536x987.jpg 1536w, https:\/\/planetepaix.org\/Sommet_jeunes_champions\/wp-content\/uploads\/2022\/02\/img_5-2048x1317.jpg 2048w\" sizes=\"auto, (max-width: 1024px) 100vw, 1024px\" \/><figcaption><strong>M. SANON Seydou, <\/strong><br>Secr\u00e9taire G\u00e9n\u00e9ral du r\u00e9seau africain des enseignants pour l&rsquo;int\u00e9gration et la Paix<\/figcaption><\/figure>\n<\/div>\n<\/div>\n\n\n\n<div class=\"wp-block-columns is-layout-flex wp-container-core-columns-is-layout-9d6595d7 wp-block-columns-is-layout-flex\">\n<div class=\"wp-block-column is-layout-flow wp-block-column-is-layout-flow\">\n<figure class=\"wp-block-image size-large\"><img loading=\"lazy\" decoding=\"async\" width=\"1024\" height=\"658\" src=\"https:\/\/planetepaix.org\/Sommet_jeunes_champions\/wp-content\/uploads\/2022\/02\/img_8-1024x658.jpg\" alt=\"\" class=\"wp-image-772\" srcset=\"https:\/\/planetepaix.org\/Sommet_jeunes_champions\/wp-content\/uploads\/2022\/02\/img_8-1024x658.jpg 1024w, https:\/\/planetepaix.org\/Sommet_jeunes_champions\/wp-content\/uploads\/2022\/02\/img_8-300x193.jpg 300w, https:\/\/planetepaix.org\/Sommet_jeunes_champions\/wp-content\/uploads\/2022\/02\/img_8-768x494.jpg 768w, https:\/\/planetepaix.org\/Sommet_jeunes_champions\/wp-content\/uploads\/2022\/02\/img_8-1536x987.jpg 1536w, https:\/\/planetepaix.org\/Sommet_jeunes_champions\/wp-content\/uploads\/2022\/02\/img_8-2048x1317.jpg 2048w\" sizes=\"auto, (max-width: 1024px) 100vw, 1024px\" \/><figcaption><strong>M. SOMAN Soulama, <\/strong><br>Conseiller de Jeunesse et d\u2019\u00c9ducation<\/figcaption><\/figure>\n<\/div>\n\n\n\n<div class=\"wp-block-column is-layout-flow wp-block-column-is-layout-flow\">\n<figure class=\"wp-block-image size-large\"><img loading=\"lazy\" decoding=\"async\" width=\"1024\" height=\"658\" src=\"https:\/\/planetepaix.org\/Sommet_jeunes_champions\/wp-content\/uploads\/2022\/02\/img_6-1024x658.jpg\" alt=\"\" class=\"wp-image-771\" srcset=\"https:\/\/planetepaix.org\/Sommet_jeunes_champions\/wp-content\/uploads\/2022\/02\/img_6-1024x658.jpg 1024w, https:\/\/planetepaix.org\/Sommet_jeunes_champions\/wp-content\/uploads\/2022\/02\/img_6-300x193.jpg 300w, https:\/\/planetepaix.org\/Sommet_jeunes_champions\/wp-content\/uploads\/2022\/02\/img_6-768x494.jpg 768w, https:\/\/planetepaix.org\/Sommet_jeunes_champions\/wp-content\/uploads\/2022\/02\/img_6-1536x987.jpg 1536w, https:\/\/planetepaix.org\/Sommet_jeunes_champions\/wp-content\/uploads\/2022\/02\/img_6-2048x1317.jpg 2048w\" sizes=\"auto, (max-width: 1024px) 100vw, 1024px\" \/><figcaption><strong>S. Em. Achille COMOE, \u00a0<\/strong><br>Pr\u00e9sident Central de Plan\u00e8te Paix<\/figcaption><\/figure>\n<\/div>\n\n\n\n<div class=\"wp-block-column is-layout-flow wp-block-column-is-layout-flow\"><\/div>\n<\/div>\n\n\n\n<p><\/p>\n","protected":false},"excerpt":{"rendered":"","protected":false},"author":1,"featured_media":0,"parent":0,"menu_order":0,"comment_status":"closed","ping_status":"closed","template":"","meta":{"neve_meta_sidebar":"full-width","neve_meta_container":"","neve_meta_enable_content_width":"on","neve_meta_content_width":100,"neve_meta_title_alignment":"","neve_meta_author_avatar":"","neve_post_elements_order":"","neve_meta_disable_header":"","neve_meta_disable_footer":"","neve_meta_disable_title":"","_themeisle_gutenberg_block_has_review":false,"footnotes":""},"class_list":["post-658","page","type-page","status-publish","hentry"],"_links":{"self":[{"href":"https:\/\/planetepaix.org\/Sommet_jeunes_champions\/wp-json\/wp\/v2\/pages\/658","targetHints":{"allow":["GET"]}}],"collection":[{"href":"https:\/\/planetepaix.org\/Sommet_jeunes_champions\/wp-json\/wp\/v2\/pages"}],"about":[{"href":"https:\/\/planetepaix.org\/Sommet_jeunes_champions\/wp-json\/wp\/v2\/types\/page"}],"author":[{"embeddable":true,"href":"https:\/\/planetepaix.org\/Sommet_jeunes_champions\/wp-json\/wp\/v2\/users\/1"}],"replies":[{"embeddable":true,"href":"https:\/\/planetepaix.org\/Sommet_jeunes_champions\/wp-json\/wp\/v2\/comments?post=658"}],"version-history":[{"count":9,"href":"https:\/\/planetepaix.org\/Sommet_jeunes_champions\/wp-json\/wp\/v2\/pages\/658\/revisions"}],"predecessor-version":[{"id":783,"href":"https:\/\/planetepaix.org\/Sommet_jeunes_champions\/wp-json\/wp\/v2\/pages\/658\/revisions\/783"}],"wp:attachment":[{"href":"https:\/\/planetepaix.org\/Sommet_jeunes_champions\/wp-json\/wp\/v2\/media?parent=658"}],"curies":[{"name":"wp","href":"https:\/\/api.w.org\/{rel}","templated":true}]}}