{"id":460,"date":"2020-07-19T23:50:54","date_gmt":"2020-07-19T21:50:54","guid":{"rendered":"http:\/\/planetepaix.org\/Sommet_jeunes_champions\/?page_id=460"},"modified":"2020-08-21T11:37:38","modified_gmt":"2020-08-21T09:37:38","slug":"nos-partenaires","status":"publish","type":"page","link":"https:\/\/planetepaix.org\/Sommet_jeunes_champions\/nos-partenaires\/","title":{"rendered":"Nos Partenaires"},"content":{"rendered":"\n<h2 class=\"wp-block-heading\">Se Faire une Id\u00e9e de Nos Partenaires \/ Se Mettre en Relation avec nos Partenaires<\/h2>\n\n\n\n<p>Les Champions entendent \u00e9tablir un lien de solidarit\u00e9 avec divers acteurs pour une synergie d\u2019action et pour plus d\u2019efficacit\u00e9 de leur action en vue de l\u2019atteinte des objectifs Paix, S\u00e9curit\u00e9 et D\u00e9veloppement Durable.<\/p>\n\n\n\n<p>Les Partenaires soutenant ou ayant soutenu le Programme des Jeunes Champions pour la Paix, la S\u00e9curit\u00e9 et la D\u00e9veloppement Durable sont des Institutions publique ou priv\u00e9es, des Organisations Non Gouvernementale, Organisation Internationale Non Gouvernementale, les personnes physiques qui partagent notre vision du monde pour une paix durable et un d\u00e9veloppement harmonieux et soutenable.<\/p>\n\n\n\n<div class=\"wp-block-themeisle-blocks-advanced-columns alignfull has-1-columns has-desktop-equal-layout has-tablet-equal-layout has-mobile-equal-layout has-nogap-gap has-vertical-unset\" id=\"wp-block-themeisle-blocks-advanced-columns-67acbef0\"><div class=\"wp-block-themeisle-blocks-advanced-columns-overlay\"><\/div><div class=\"innerblocks-wrap\">\n<div class=\"wp-block-themeisle-blocks-advanced-column\" id=\"wp-block-themeisle-blocks-advanced-column-a779481f\">\n<div class=\"wp-block-themeisle-blocks-advanced-columns has-6-columns has-desktop-equal-layout has-tablet-equal-layout has-mobile-collapsedRows-layout has-extended-gap has-vertical-unset\" id=\"wp-block-themeisle-blocks-advanced-columns-5cfd6234\"><div class=\"wp-block-themeisle-blocks-advanced-columns-overlay\"><\/div><div class=\"innerblocks-wrap\">\n<div class=\"wp-block-themeisle-blocks-advanced-column\" id=\"wp-block-themeisle-blocks-advanced-column-6a3b0ef0\">\n<div class=\"wp-block-themeisle-blocks-service\">\n<div class=\"wp-block-image is-style-default\"><figure class=\"aligncenter size-large\"><img loading=\"lazy\" decoding=\"async\" width=\"300\" height=\"279\" src=\"http:\/\/planetepaix.org\/Sommet_jeunes_champions\/wp-content\/uploads\/2020\/07\/part01.jpg\" alt=\"\" class=\"wp-image-461\"\/><figcaption>Website<\/figcaption><\/figure><\/div>\n\n\n\n<p><\/p>\n<\/div>\n<\/div>\n\n\n\n<div class=\"wp-block-themeisle-blocks-advanced-column\" id=\"wp-block-themeisle-blocks-advanced-column-6426b761\">\n<div class=\"wp-block-themeisle-blocks-service\">\n<div class=\"wp-block-image\"><figure class=\"aligncenter size-large\"><a href=\"https:\/\/wakeupforyourrights.org\/\"><img loading=\"lazy\" decoding=\"async\" width=\"300\" height=\"279\" src=\"http:\/\/planetepaix.org\/Sommet_jeunes_champions\/wp-content\/uploads\/2020\/07\/part02.jpg\" alt=\"\" class=\"wp-image-462\"\/><\/a><figcaption>Website<\/figcaption><\/figure><\/div>\n<\/div>\n<\/div>\n\n\n\n<div class=\"wp-block-themeisle-blocks-advanced-column\" id=\"wp-block-themeisle-blocks-advanced-column-68509c71\">\n<div class=\"wp-block-themeisle-blocks-service\">\n<div class=\"wp-block-image\"><figure class=\"aligncenter size-large\"><img loading=\"lazy\" decoding=\"async\" width=\"300\" height=\"279\" src=\"http:\/\/planetepaix.org\/Sommet_jeunes_champions\/wp-content\/uploads\/2020\/07\/part03.jpg\" alt=\"\" class=\"wp-image-463\"\/><figcaption>Website<\/figcaption><\/figure><\/div>\n<\/div>\n<\/div>\n\n\n\n<div class=\"wp-block-themeisle-blocks-advanced-column\" id=\"wp-block-themeisle-blocks-advanced-column-52be7a1d\">\n<div class=\"wp-block-themeisle-blocks-service\">\n<div class=\"wp-block-image is-style-default\"><figure class=\"aligncenter size-large\"><img loading=\"lazy\" decoding=\"async\" width=\"300\" height=\"279\" src=\"http:\/\/planetepaix.org\/Sommet_jeunes_champions\/wp-content\/uploads\/2020\/07\/part04.jpg\" alt=\"\" class=\"wp-image-464\"\/><figcaption>Website<\/figcaption><\/figure><\/div>\n<\/div>\n<\/div>\n\n\n\n<div class=\"wp-block-themeisle-blocks-advanced-column\" id=\"wp-block-themeisle-blocks-advanced-column-3e4cc898\">\n<figure class=\"wp-block-image size-large is-style-default\"><a href=\"https:\/\/www.ecowas.int\/\"><img loading=\"lazy\" decoding=\"async\" width=\"300\" height=\"279\" src=\"http:\/\/planetepaix.org\/Sommet_jeunes_champions\/wp-content\/uploads\/2020\/07\/part05.jpg\" alt=\"\" class=\"wp-image-465\"\/><\/a><figcaption>Website<\/figcaption><\/figure>\n<\/div>\n\n\n\n<div class=\"wp-block-themeisle-blocks-advanced-column\" id=\"wp-block-themeisle-blocks-advanced-column-4a132bab\">\n<figure class=\"wp-block-image size-large is-style-default\"><img loading=\"lazy\" decoding=\"async\" width=\"300\" height=\"279\" src=\"http:\/\/planetepaix.org\/Sommet_jeunes_champions\/wp-content\/uploads\/2020\/07\/part06.jpg\" alt=\"\" class=\"wp-image-466\"\/><figcaption>Website<\/figcaption><\/figure>\n<\/div>\n<\/div><\/div>\n\n\n\n<div class=\"wp-block-themeisle-blocks-advanced-columns has-6-columns has-desktop-equal-layout has-tablet-equal-layout has-mobile-collapsedRows-layout has-extended-gap has-vertical-unset\" id=\"wp-block-themeisle-blocks-advanced-columns-5c0ac18d\"><div class=\"wp-block-themeisle-blocks-advanced-columns-overlay\"><\/div><div class=\"innerblocks-wrap\">\n<div class=\"wp-block-themeisle-blocks-advanced-column\" id=\"wp-block-themeisle-blocks-advanced-column-09270717\">\n<div class=\"wp-block-themeisle-blocks-service\">\n<div class=\"wp-block-image is-style-default\"><figure class=\"aligncenter size-large\"><img loading=\"lazy\" decoding=\"async\" width=\"300\" height=\"279\" src=\"http:\/\/planetepaix.org\/Sommet_jeunes_champions\/wp-content\/uploads\/2020\/07\/part07.jpg\" alt=\"\" class=\"wp-image-467\"\/><figcaption>Website<\/figcaption><\/figure><\/div>\n<\/div>\n<\/div>\n\n\n\n<div class=\"wp-block-themeisle-blocks-advanced-column\" id=\"wp-block-themeisle-blocks-advanced-column-b7e3af73\">\n<div class=\"wp-block-themeisle-blocks-service\">\n<div class=\"wp-block-image\"><figure class=\"aligncenter size-large\"><a href=\"https:\/\/www.amnesty.org\/en\/\"><img loading=\"lazy\" decoding=\"async\" width=\"300\" height=\"279\" src=\"http:\/\/planetepaix.org\/Sommet_jeunes_champions\/wp-content\/uploads\/2020\/07\/part08.jpg\" alt=\"\" class=\"wp-image-468\"\/><\/a><figcaption>Website<\/figcaption><\/figure><\/div>\n<\/div>\n<\/div>\n\n\n\n<div class=\"wp-block-themeisle-blocks-advanced-column\" id=\"wp-block-themeisle-blocks-advanced-column-82b5dc6b\">\n<div class=\"wp-block-themeisle-blocks-service\">\n<div class=\"wp-block-image\"><figure class=\"aligncenter size-large\"><a href=\"http:\/\/www.environnement.gouv.ci\/\"><img loading=\"lazy\" decoding=\"async\" width=\"300\" height=\"279\" src=\"http:\/\/planetepaix.org\/Sommet_jeunes_champions\/wp-content\/uploads\/2020\/07\/part09.jpg\" alt=\"\" class=\"wp-image-469\"\/><\/a><figcaption>Website<\/figcaption><\/figure><\/div>\n<\/div>\n<\/div>\n\n\n\n<div class=\"wp-block-themeisle-blocks-advanced-column\" id=\"wp-block-themeisle-blocks-advanced-column-b23315be\">\n<div class=\"wp-block-themeisle-blocks-service\">\n<div class=\"wp-block-image is-style-default\"><figure class=\"aligncenter size-large\"><a href=\"https:\/\/www.ci.undp.org\/content\/cote_divoire\/fr\/home\/\"><img loading=\"lazy\" decoding=\"async\" width=\"300\" height=\"279\" src=\"http:\/\/planetepaix.org\/Sommet_jeunes_champions\/wp-content\/uploads\/2020\/07\/part10.jpg\" alt=\"\" class=\"wp-image-470\"\/><\/a><figcaption>Website<\/figcaption><\/figure><\/div>\n<\/div>\n<\/div>\n\n\n\n<div class=\"wp-block-themeisle-blocks-advanced-column\" id=\"wp-block-themeisle-blocks-advanced-column-fd5b0b66\">\n<figure class=\"wp-block-image size-large is-style-default\"><img loading=\"lazy\" decoding=\"async\" width=\"300\" height=\"279\" src=\"http:\/\/planetepaix.org\/Sommet_jeunes_champions\/wp-content\/uploads\/2020\/07\/part11.jpg\" alt=\"\" class=\"wp-image-471\"\/><figcaption>Website<\/figcaption><\/figure>\n<\/div>\n\n\n\n<div class=\"wp-block-themeisle-blocks-advanced-column\" id=\"wp-block-themeisle-blocks-advanced-column-2640cbf2\">\n<figure class=\"wp-block-image size-large is-style-default\"><img loading=\"lazy\" decoding=\"async\" width=\"300\" height=\"279\" src=\"http:\/\/planetepaix.org\/Sommet_jeunes_champions\/wp-content\/uploads\/2020\/07\/part12.jpg\" alt=\"\" class=\"wp-image-472\"\/><figcaption>Website<\/figcaption><\/figure>\n<\/div>\n<\/div><\/div>\n\n\n\n<div class=\"wp-block-themeisle-blocks-advanced-columns has-6-columns has-desktop-equal-layout has-tablet-equal-layout has-mobile-collapsedRows-layout has-extended-gap has-vertical-unset\" id=\"wp-block-themeisle-blocks-advanced-columns-41e4f5e5\"><div class=\"wp-block-themeisle-blocks-advanced-columns-overlay\"><\/div><div class=\"innerblocks-wrap\">\n<div class=\"wp-block-themeisle-blocks-advanced-column\" id=\"wp-block-themeisle-blocks-advanced-column-00d220e1\">\n<div class=\"wp-block-themeisle-blocks-service\">\n<div class=\"wp-block-image is-style-default\"><figure class=\"aligncenter size-large\"><a href=\"http:\/\/www.radiodelapaix.ci\/\"><img loading=\"lazy\" decoding=\"async\" width=\"300\" height=\"279\" src=\"http:\/\/planetepaix.org\/Sommet_jeunes_champions\/wp-content\/uploads\/2020\/07\/part13.jpg\" alt=\"\" class=\"wp-image-473\"\/><\/a><figcaption>Website<\/figcaption><\/figure><\/div>\n<\/div>\n<\/div>\n\n\n\n<div class=\"wp-block-themeisle-blocks-advanced-column\" id=\"wp-block-themeisle-blocks-advanced-column-410566c2\">\n<div class=\"wp-block-themeisle-blocks-service\">\n<div class=\"wp-block-image\"><figure class=\"aligncenter size-large\"><a href=\"https:\/\/au.int\/\"><img loading=\"lazy\" decoding=\"async\" width=\"300\" height=\"279\" src=\"http:\/\/planetepaix.org\/Sommet_jeunes_champions\/wp-content\/uploads\/2020\/07\/part14.jpg\" alt=\"\" class=\"wp-image-474\"\/><\/a><figcaption>Website<\/figcaption><\/figure><\/div>\n<\/div>\n<\/div>\n\n\n\n<div class=\"wp-block-themeisle-blocks-advanced-column\" id=\"wp-block-themeisle-blocks-advanced-column-e6449c50\">\n<div class=\"wp-block-themeisle-blocks-service\">\n<div class=\"wp-block-image\"><figure class=\"aligncenter size-large\"><a href=\"https:\/\/www.lintelligentdabidjan.info\/\"><img loading=\"lazy\" decoding=\"async\" width=\"300\" height=\"279\" src=\"http:\/\/planetepaix.org\/Sommet_jeunes_champions\/wp-content\/uploads\/2020\/07\/part15-1.jpg\" alt=\"\" class=\"wp-image-475\"\/><\/a><figcaption>Website<\/figcaption><\/figure><\/div>\n\n\n\n<p><\/p>\n<\/div>\n<\/div>\n\n\n\n<div class=\"wp-block-themeisle-blocks-advanced-column\" id=\"wp-block-themeisle-blocks-advanced-column-123a109f\">\n<div class=\"wp-block-themeisle-blocks-service\">\n<div class=\"wp-block-image is-style-default\"><figure class=\"aligncenter size-large\"><img loading=\"lazy\" decoding=\"async\" width=\"300\" height=\"279\" src=\"http:\/\/planetepaix.org\/Sommet_jeunes_champions\/wp-content\/uploads\/2020\/07\/part16.jpg\" alt=\"\" class=\"wp-image-476\"\/><figcaption>Website<\/figcaption><\/figure><\/div>\n<\/div>\n<\/div>\n\n\n\n<div class=\"wp-block-themeisle-blocks-advanced-column\" id=\"wp-block-themeisle-blocks-advanced-column-6264948f\">\n<figure class=\"wp-block-image size-large is-style-default\"><a href=\"https:\/\/news.abidjan.net\/\"><img loading=\"lazy\" decoding=\"async\" width=\"300\" height=\"279\" src=\"http:\/\/planetepaix.org\/Sommet_jeunes_champions\/wp-content\/uploads\/2020\/07\/part17.jpg\" alt=\"\" class=\"wp-image-477\"\/><\/a><figcaption>Website<\/figcaption><\/figure>\n<\/div>\n\n\n\n<div class=\"wp-block-themeisle-blocks-advanced-column\" id=\"wp-block-themeisle-blocks-advanced-column-2043e5ce\">\n<figure class=\"wp-block-image size-large is-style-default\"><a href=\"http:\/\/www.opmeci.org\/\"><img loading=\"lazy\" decoding=\"async\" width=\"300\" height=\"279\" src=\"http:\/\/planetepaix.org\/Sommet_jeunes_champions\/wp-content\/uploads\/2020\/07\/part18.jpg\" alt=\"\" class=\"wp-image-478\"\/><\/a><figcaption>Website<\/figcaption><\/figure>\n<\/div>\n<\/div><\/div>\n\n\n\n<div class=\"wp-block-themeisle-blocks-advanced-columns has-6-columns has-desktop-equal-layout has-tablet-equal-layout has-mobile-collapsedRows-layout has-extended-gap has-vertical-unset\" id=\"wp-block-themeisle-blocks-advanced-columns-cf86fab9\"><div class=\"wp-block-themeisle-blocks-advanced-columns-overlay\"><\/div><div class=\"innerblocks-wrap\">\n<div class=\"wp-block-themeisle-blocks-advanced-column\" id=\"wp-block-themeisle-blocks-advanced-column-3c4aabb1\">\n<div class=\"wp-block-themeisle-blocks-service\">\n<div class=\"wp-block-image is-style-default\"><figure class=\"aligncenter size-large\"><a href=\"http:\/\/www.sodefor.ci\/\"><img loading=\"lazy\" decoding=\"async\" width=\"300\" height=\"279\" src=\"http:\/\/planetepaix.org\/Sommet_jeunes_champions\/wp-content\/uploads\/2020\/07\/part20.jpg\" alt=\"\" class=\"wp-image-479\"\/><\/a><figcaption>Website<\/figcaption><\/figure><\/div>\n<\/div>\n<\/div>\n\n\n\n<div class=\"wp-block-themeisle-blocks-advanced-column\" id=\"wp-block-themeisle-blocks-advanced-column-b73b1642\">\n<div class=\"wp-block-themeisle-blocks-service\">\n<div class=\"wp-block-image\"><figure class=\"aligncenter size-large\"><a href=\"http:\/\/reddplus.ci\/\"><img loading=\"lazy\" decoding=\"async\" width=\"300\" height=\"279\" src=\"http:\/\/planetepaix.org\/Sommet_jeunes_champions\/wp-content\/uploads\/2020\/07\/part21.jpg\" alt=\"\" class=\"wp-image-480\"\/><\/a><figcaption>Website<\/figcaption><\/figure><\/div>\n<\/div>\n<\/div>\n\n\n\n<div class=\"wp-block-themeisle-blocks-advanced-column\" id=\"wp-block-themeisle-blocks-advanced-column-3cbcf4ab\">\n<div class=\"wp-block-themeisle-blocks-service\">\n<div class=\"wp-block-image\"><figure class=\"aligncenter size-large\"><a href=\"https:\/\/cndh.ci\/\"><img loading=\"lazy\" decoding=\"async\" width=\"300\" height=\"300\" src=\"http:\/\/planetepaix.org\/Sommet_jeunes_champions\/wp-content\/uploads\/2020\/08\/PROPOSITION-PRESIDENTE-nouveau-300x300-1.png\" alt=\"\" class=\"wp-image-494\" srcset=\"https:\/\/planetepaix.org\/Sommet_jeunes_champions\/wp-content\/uploads\/2020\/08\/PROPOSITION-PRESIDENTE-nouveau-300x300-1.png 300w, https:\/\/planetepaix.org\/Sommet_jeunes_champions\/wp-content\/uploads\/2020\/08\/PROPOSITION-PRESIDENTE-nouveau-300x300-1-150x150.png 150w\" sizes=\"auto, (max-width: 300px) 100vw, 300px\" \/><\/a><figcaption>Website<\/figcaption><\/figure><\/div>\n<\/div>\n<\/div>\n\n\n\n<div class=\"wp-block-themeisle-blocks-advanced-column\" id=\"wp-block-themeisle-blocks-advanced-column-51d439dd\">\n<div class=\"wp-block-themeisle-blocks-service\">\n<div class=\"wp-block-image is-style-default\"><figure class=\"aligncenter size-large\"><img loading=\"lazy\" decoding=\"async\" width=\"300\" height=\"279\" src=\"http:\/\/planetepaix.org\/Sommet_jeunes_champions\/wp-content\/uploads\/2020\/07\/part24.jpg\" alt=\"\" class=\"wp-image-482\"\/><figcaption>Website<\/figcaption><\/figure><\/div>\n\n\n\n<p><\/p>\n<\/div>\n<\/div>\n\n\n\n<div class=\"wp-block-themeisle-blocks-advanced-column\" id=\"wp-block-themeisle-blocks-advanced-column-c4414709\">\n<figure class=\"wp-block-image size-large is-style-default\"><a href=\"https:\/\/www.spm.gov.cm\/\"><img loading=\"lazy\" decoding=\"async\" width=\"904\" height=\"1024\" src=\"http:\/\/planetepaix.org\/Sommet_jeunes_champions\/wp-content\/uploads\/2020\/07\/Coat_of_arms_of_Cameroon.svg_-904x1024.png\" alt=\"\" class=\"wp-image-486\" srcset=\"https:\/\/planetepaix.org\/Sommet_jeunes_champions\/wp-content\/uploads\/2020\/07\/Coat_of_arms_of_Cameroon.svg_-904x1024.png 904w, https:\/\/planetepaix.org\/Sommet_jeunes_champions\/wp-content\/uploads\/2020\/07\/Coat_of_arms_of_Cameroon.svg_-265x300.png 265w, https:\/\/planetepaix.org\/Sommet_jeunes_champions\/wp-content\/uploads\/2020\/07\/Coat_of_arms_of_Cameroon.svg_-768x870.png 768w, https:\/\/planetepaix.org\/Sommet_jeunes_champions\/wp-content\/uploads\/2020\/07\/Coat_of_arms_of_Cameroon.svg_.png 1200w\" sizes=\"auto, (max-width: 904px) 100vw, 904px\" \/><\/a><figcaption>Website<\/figcaption><\/figure>\n<\/div>\n\n\n\n<div class=\"wp-block-themeisle-blocks-advanced-column\" id=\"wp-block-themeisle-blocks-advanced-column-23d16e32\">\n<figure class=\"wp-block-image size-large is-style-default\"><a href=\"http:\/\/www.gouv.ci\/_symbolesdelarepublique.php\"><img loading=\"lazy\" decoding=\"async\" width=\"239\" height=\"211\" src=\"http:\/\/planetepaix.org\/Sommet_jeunes_champions\/wp-content\/uploads\/2020\/07\/amoirie-cote-divoire.png\" alt=\"\" class=\"wp-image-484\"\/><\/a><figcaption>Website<\/figcaption><\/figure>\n<\/div>\n<\/div><\/div>\n\n\n\n<div class=\"wp-block-themeisle-blocks-advanced-columns has-6-columns has-desktop-equal-layout has-tablet-equal-layout has-mobile-collapsedRows-layout has-extended-gap has-vertical-unset\" id=\"wp-block-themeisle-blocks-advanced-columns-47ef2c76\"><div class=\"wp-block-themeisle-blocks-advanced-columns-overlay\"><\/div><div class=\"innerblocks-wrap\">\n<div class=\"wp-block-themeisle-blocks-advanced-column\" id=\"wp-block-themeisle-blocks-advanced-column-a78a3b7e\">\n<div class=\"wp-block-themeisle-blocks-service\">\n<div class=\"wp-block-image is-style-default\"><figure class=\"aligncenter size-large\"><a href=\"https:\/\/www.gouv.bj\/\"><img loading=\"lazy\" decoding=\"async\" width=\"179\" height=\"166\" src=\"http:\/\/planetepaix.org\/Sommet_jeunes_champions\/wp-content\/uploads\/2020\/07\/Armoirie-Benin.jpg\" alt=\"\" class=\"wp-image-490\"\/><\/a><figcaption>Website<\/figcaption><\/figure><\/div>\n<\/div>\n<\/div>\n\n\n\n<div class=\"wp-block-themeisle-blocks-advanced-column\" id=\"wp-block-themeisle-blocks-advanced-column-7611158b\">\n<div class=\"wp-block-themeisle-blocks-service\">\n<div class=\"wp-block-image\"><figure class=\"aligncenter size-large\"><a href=\"https:\/\/www.id-day.org\/\"><img loading=\"lazy\" decoding=\"async\" width=\"1024\" height=\"1024\" src=\"http:\/\/planetepaix.org\/Sommet_jeunes_champions\/wp-content\/uploads\/2020\/07\/38-1-1024x1024.jpeg\" alt=\"\" class=\"wp-image-491\" srcset=\"https:\/\/planetepaix.org\/Sommet_jeunes_champions\/wp-content\/uploads\/2020\/07\/38-1-1024x1024.jpeg 1024w, https:\/\/planetepaix.org\/Sommet_jeunes_champions\/wp-content\/uploads\/2020\/07\/38-1-300x300.jpeg 300w, https:\/\/planetepaix.org\/Sommet_jeunes_champions\/wp-content\/uploads\/2020\/07\/38-1-150x150.jpeg 150w, https:\/\/planetepaix.org\/Sommet_jeunes_champions\/wp-content\/uploads\/2020\/07\/38-1-768x768.jpeg 768w, https:\/\/planetepaix.org\/Sommet_jeunes_champions\/wp-content\/uploads\/2020\/07\/38-1.jpeg 1080w\" sizes=\"auto, (max-width: 1024px) 100vw, 1024px\" \/><\/a><figcaption>Website<\/figcaption><\/figure><\/div>\n<\/div>\n<\/div>\n\n\n\n<div class=\"wp-block-themeisle-blocks-advanced-column\" id=\"wp-block-themeisle-blocks-advanced-column-82e23b17\">\n<div class=\"wp-block-themeisle-blocks-service\"><\/div>\n<\/div>\n\n\n\n<div class=\"wp-block-themeisle-blocks-advanced-column\" id=\"wp-block-themeisle-blocks-advanced-column-3e40c3be\">\n<div class=\"wp-block-themeisle-blocks-service\">\n<p><\/p>\n<\/div>\n<\/div>\n\n\n\n<div class=\"wp-block-themeisle-blocks-advanced-column\" id=\"wp-block-themeisle-blocks-advanced-column-50595a10\"><\/div>\n\n\n\n<div class=\"wp-block-themeisle-blocks-advanced-column\" id=\"wp-block-themeisle-blocks-advanced-column-bb62d2dc\"><\/div>\n<\/div><\/div>\n<\/div>\n<\/div><\/div>\n","protected":false},"excerpt":{"rendered":"<p>Se Faire une Id\u00e9e de Nos Partenaires \/ Se Mettre en Relation avec nos Partenaires Les Champions entendent \u00e9tablir un lien de solidarit\u00e9 avec divers acteurs pour une synergie d\u2019action et pour plus d\u2019efficacit\u00e9 de leur action en vue de l\u2019atteinte des objectifs Paix, S\u00e9curit\u00e9 et D\u00e9veloppement Durable. Les Partenaires soutenant ou ayant soutenu le&hellip;&nbsp;<a href=\"https:\/\/planetepaix.org\/Sommet_jeunes_champions\/nos-partenaires\/\" class=\"\" rel=\"bookmark\">Lire la suite &raquo;<span class=\"screen-reader-text\">Nos Partenaires<\/span><\/a><\/p>\n","protected":false},"author":1,"featured_media":0,"parent":0,"menu_order":0,"comment_status":"closed","ping_status":"closed","template":"","meta":{"neve_meta_sidebar":"full-width","neve_meta_container":"","neve_meta_enable_content_width":"on","neve_meta_content_width":100,"neve_meta_title_alignment":"","neve_meta_author_avatar":"","neve_post_elements_order":"","neve_meta_disable_header":"","neve_meta_disable_footer":"","neve_meta_disable_title":"","_themeisle_gutenberg_block_has_review":false,"footnotes":""},"class_list":["post-460","page","type-page","status-publish","hentry"],"_links":{"self":[{"href":"https:\/\/planetepaix.org\/Sommet_jeunes_champions\/wp-json\/wp\/v2\/pages\/460","targetHints":{"allow":["GET"]}}],"collection":[{"href":"https:\/\/planetepaix.org\/Sommet_jeunes_champions\/wp-json\/wp\/v2\/pages"}],"about":[{"href":"https:\/\/planetepaix.org\/Sommet_jeunes_champions\/wp-json\/wp\/v2\/types\/page"}],"author":[{"embeddable":true,"href":"https:\/\/planetepaix.org\/Sommet_jeunes_champions\/wp-json\/wp\/v2\/users\/1"}],"replies":[{"embeddable":true,"href":"https:\/\/planetepaix.org\/Sommet_jeunes_champions\/wp-json\/wp\/v2\/comments?post=460"}],"version-history":[{"count":11,"href":"https:\/\/planetepaix.org\/Sommet_jeunes_champions\/wp-json\/wp\/v2\/pages\/460\/revisions"}],"predecessor-version":[{"id":505,"href":"https:\/\/planetepaix.org\/Sommet_jeunes_champions\/wp-json\/wp\/v2\/pages\/460\/revisions\/505"}],"wp:attachment":[{"href":"https:\/\/planetepaix.org\/Sommet_jeunes_champions\/wp-json\/wp\/v2\/media?parent=460"}],"curies":[{"name":"wp","href":"https:\/\/api.w.org\/{rel}","templated":true}]}}