{"id":19,"date":"2020-02-15T16:30:06","date_gmt":"2020-02-15T15:30:06","guid":{"rendered":"http:\/\/planetepaix.org\/Sommet_jeunes_champions\/?page_id=19"},"modified":"2021-11-30T02:30:50","modified_gmt":"2021-11-30T01:30:50","slug":"code-de-deontologie","status":"publish","type":"page","link":"https:\/\/planetepaix.org\/Sommet_jeunes_champions\/code-de-deontologie\/","title":{"rendered":"Code de d\u00e9ontologie"},"content":{"rendered":"\t\t<div data-elementor-type=\"wp-page\" data-elementor-id=\"19\" class=\"elementor elementor-19\">\n\t\t\t\t\t\t<div class=\"elementor-inner\">\n\t\t\t\t<div class=\"elementor-section-wrap\">\n\t\t\t\t\t\t\t\t\t<section class=\"elementor-section elementor-top-section elementor-element elementor-element-7574ac2 elementor-section-boxed elementor-section-height-default elementor-section-height-default\" data-id=\"7574ac2\" data-element_type=\"section\">\n\t\t\t\t\t\t<div class=\"elementor-container elementor-column-gap-default\">\n\t\t\t\t\t\t\t<div class=\"elementor-row\">\n\t\t\t\t\t<div class=\"elementor-column elementor-col-50 elementor-top-column elementor-element elementor-element-2d42a20\" data-id=\"2d42a20\" data-element_type=\"column\">\n\t\t\t<div class=\"elementor-column-wrap elementor-element-populated\">\n\t\t\t\t\t\t\t<div class=\"elementor-widget-wrap\">\n\t\t\t\t\t\t<div class=\"elementor-element elementor-element-62e9c36 elementor-widget elementor-widget-text-editor\" data-id=\"62e9c36\" data-element_type=\"widget\" data-widget_type=\"text-editor.default\">\n\t\t\t\t<div class=\"elementor-widget-container\">\n\t\t\t\t\t\t\t\t<div class=\"elementor-text-editor elementor-clearfix\">\n\t\t\t\t<div class=\"wp-block-themeisle-blocks-advanced-columns-overlay\"><span style=\"text-align: justify;\">1. Nous, Jeunes Champions, renouvelons notre engagement en faveur de la Paix, la S\u00e9curit\u00e9, le D\u00e9veloppement Durable et la promotion d&rsquo;un avenir durable sur les plans \u00e9conomique, social et environnemental, pour notre Plan\u00e8te comme pour les g\u00e9n\u00e9rations pr\u00e9sentes et \u00e0 venir;<\/span><\/div><div>\u00a0<\/div><div class=\"innerblocks-wrap\"><div id=\"wp-block-themeisle-blocks-advanced-column-d19a72f5\" class=\"wp-block-themeisle-blocks-advanced-column\"><div class=\"wp-block-themeisle-blocks-testimonials\"><p style=\"text-align: justify;\">2. La promotion de la Paix, la S\u00e9curit\u00e9 et le D\u00e9veloppement du Durable mais, l&rsquo;\u00e9limination de la pauvret\u00e9 sont les plus grands d\u00e9fis auquel le monde doit faire face de nos jours et des pr\u00e9alables indispensables \u00e0 toute vie harmonieuse sur terre. Par voie de cons\u00e9quence, nous nous engageons fermement \u00e0 atteindre les objectifs de Paix, de S\u00e9curit\u00e9, de D\u00e9veloppement Durable mais surtout \u00e0 affranchir l&rsquo;Homme de la faim et de la pauvret\u00e9 ;<\/p><p>3. Nous prenons de facto, acte de la n\u00e9cessit\u00e9 \u00e0 \u0153uvrer \u00e0 int\u00e9grer de plus en plus les aspects, sociaux, \u00e9conomiques et environnementaux du d\u00e9veloppement durable \u00e0 tous les niveaux, et reconnaissons les liens qui existent entre ces divers aspects, de fa\u00e7on \u00e0 assurer un d\u00e9veloppement durable dans le vrai sens du terme ;<\/p><p>4. Nous reconnaissons que les peuples sont au centre de la Paix, la S\u00e9curit\u00e9 et du D\u00e9veloppement Durable et par voie de cons\u00e9quence, nous \u0153uvrons en faveur d&rsquo;un monde pacifique, S\u00fbr, Juste et \u00c9quitable pour tous et nous nous engageons \u00e0 travailler ensemble en faveur de la Paix et la S\u00e9curit\u00e9 dans le monde et \u00e0 \u0153uvrer pour une Croissance Economique Durable qui profite \u00e0 tous, au D\u00e9veloppement Social, et \u00e0 la Protection de l&rsquo;Environnement dans l&rsquo;int\u00e9r\u00eat de tous ;<\/p><p>5. Nous reconnaissons que la d\u00e9mocratie, la bonne gouvernance et le respect de l&rsquo;Etat de droit, au niveau national et au niveau international, ainsi qu&rsquo;un environnement favorable, sont des conditions sine qua non de la Paix, la S\u00e9curit\u00e9 et du D\u00e9veloppement Durable dont des cons\u00e9quences notables sont la croissance \u00e9conomique durable pour tous, le D\u00e9veloppement Social.\u00a0<\/p><\/div><\/div><\/div>\t\t\t\t\t<\/div>\n\t\t\t\t\t\t<\/div>\n\t\t\t\t<\/div>\n\t\t\t\t\t\t<\/div>\n\t\t\t\t\t<\/div>\n\t\t<\/div>\n\t\t\t\t<div class=\"elementor-column elementor-col-50 elementor-top-column elementor-element elementor-element-9817618\" data-id=\"9817618\" data-element_type=\"column\">\n\t\t\t<div class=\"elementor-column-wrap elementor-element-populated\">\n\t\t\t\t\t\t\t<div class=\"elementor-widget-wrap\">\n\t\t\t\t\t\t<div class=\"elementor-element elementor-element-bb44252 elementor-widget elementor-widget-text-editor\" data-id=\"bb44252\" data-element_type=\"widget\" data-widget_type=\"text-editor.default\">\n\t\t\t\t<div class=\"elementor-widget-container\">\n\t\t\t\t\t\t\t\t<div class=\"elementor-text-editor elementor-clearfix\">\n\t\t\t\t<div class=\"innerblocks-wrap\"><div id=\"wp-block-themeisle-blocks-advanced-column-d19a72f5\" class=\"wp-block-themeisle-blocks-advanced-column\"><div class=\"wp-block-themeisle-blocks-testimonials\"><p>Qu\u2019un tel climat garantit la protection de l&rsquo;environnement et l&rsquo;\u00e9limination de la faim et de la pauvret\u00e9. Nous r\u00e9affirmons que pour atteindre ces objectifs en mati\u00e8re de D\u00e9veloppement Durable, de Paix et de s\u00e9curit\u00e9, les Etats doivent se doter, \u00e0 tous les \u00e9chelons, des institutions efficaces, transparentes, responsables et d\u00e9mocratiques ;<\/p><p>6. Nous r\u00e9affirmons le r\u00f4le vital des femmes et rappelons qu&rsquo;elles doivent participer pleinement et en toute \u00e9galit\u00e9 \u00e0 la prise de d\u00e9cisions dans tous les domaines traitant de Paix, de S\u00e9curit\u00e9 et du D\u00e9veloppement Durable;<\/p><p>7. Nous sommes r\u00e9solus \u00e0 promouvoir l&rsquo;acc\u00e8s \u00e9gal des femmes et des filles \u00e0 l&rsquo;\u00e9ducation, aux services de base, aux d\u00e9bouch\u00e9s \u00e9conomiques et aux services de soins de sant\u00e9;<\/p><p>8. Nous affirmons que l&rsquo;\u00e9galit\u00e9 des sexes et la participation effective des femmes rev\u00eatent une grande importance pour mener une action efficace dans tous les domaines du d\u00e9veloppement durable;<\/p><p>9. Nous nous engageons \u00e0 promouvoir et \u00e0 contribuer \u00e0 la s\u00e9curit\u00e9, la paix et au d\u00e9veloppement durable dans nos pays et r\u00e9gions respectifs \u00e0 travers une plateforme d\u2019\u00e9change, d\u2019appui, de veille et d\u2019observation dans tous les domaines de la vie sociale, environnementale et politique ;<\/p><p>10. Nous ne sommes ni contr\u00f4l\u00e9s ni influenc\u00e9s par un gouvernement ou des agences intergouvernementales. Le Programme est apolitique et non- confessionnel.<\/p><\/div><\/div><\/div>\t\t\t\t\t<\/div>\n\t\t\t\t\t\t<\/div>\n\t\t\t\t<\/div>\n\t\t\t\t\t\t<\/div>\n\t\t\t\t\t<\/div>\n\t\t<\/div>\n\t\t\t\t\t\t\t\t<\/div>\n\t\t\t\t\t<\/div>\n\t\t<\/section>\n\t\t\t\t<section class=\"elementor-section elementor-top-section elementor-element elementor-element-17fc38a elementor-section-boxed elementor-section-height-default elementor-section-height-default\" data-id=\"17fc38a\" data-element_type=\"section\">\n\t\t\t\t\t\t<div class=\"elementor-container elementor-column-gap-narrow\">\n\t\t\t\t\t\t\t<div class=\"elementor-row\">\n\t\t\t\t\t<div class=\"elementor-column elementor-col-100 elementor-top-column elementor-element elementor-element-b50d496\" data-id=\"b50d496\" data-element_type=\"column\">\n\t\t\t<div class=\"elementor-column-wrap elementor-element-populated\">\n\t\t\t\t\t\t\t<div class=\"elementor-widget-wrap\">\n\t\t\t\t\t\t<div class=\"elementor-element elementor-element-38cba13 elementor-widget elementor-widget-text-editor\" data-id=\"38cba13\" data-element_type=\"widget\" data-widget_type=\"text-editor.default\">\n\t\t\t\t<div class=\"elementor-widget-container\">\n\t\t\t\t\t\t\t\t<div class=\"elementor-text-editor elementor-clearfix\">\n\t\t\t\t\t\t\t\t\t<\/div>\n\t\t\t\t\t\t<\/div>\n\t\t\t\t<\/div>\n\t\t\t\t\t\t<\/div>\n\t\t\t\t\t<\/div>\n\t\t<\/div>\n\t\t\t\t\t\t\t\t<\/div>\n\t\t\t\t\t<\/div>\n\t\t<\/section>\n\t\t\t\t\t\t\t\t\t<\/div>\n\t\t\t<\/div>\n\t\t\t\t\t<\/div>\n\t\t","protected":false},"excerpt":{"rendered":"<p>1. Nous, Jeunes Champions, renouvelons notre engagement en faveur de la Paix, la S\u00e9curit\u00e9, le D\u00e9veloppement Durable et la promotion d&rsquo;un avenir durable sur les plans \u00e9conomique, social et environnemental, pour notre Plan\u00e8te comme pour les g\u00e9n\u00e9rations pr\u00e9sentes et \u00e0 venir;\u00a0 2. La promotion de la Paix, la S\u00e9curit\u00e9 et le D\u00e9veloppement du Durable mais,&hellip;&nbsp;<a href=\"https:\/\/planetepaix.org\/Sommet_jeunes_champions\/code-de-deontologie\/\" class=\"\" rel=\"bookmark\">Lire la suite &raquo;<span class=\"screen-reader-text\">Code de d\u00e9ontologie<\/span><\/a><\/p>\n","protected":false},"author":1,"featured_media":0,"parent":0,"menu_order":0,"comment_status":"closed","ping_status":"closed","template":"","meta":{"neve_meta_sidebar":"full-width","neve_meta_container":"","neve_meta_enable_content_width":"on","neve_meta_content_width":100,"neve_meta_title_alignment":"","neve_meta_author_avatar":"","neve_post_elements_order":"","neve_meta_disable_header":"","neve_meta_disable_footer":"","neve_meta_disable_title":"","_themeisle_gutenberg_block_has_review":false,"footnotes":""},"class_list":["post-19","page","type-page","status-publish","hentry"],"_links":{"self":[{"href":"https:\/\/planetepaix.org\/Sommet_jeunes_champions\/wp-json\/wp\/v2\/pages\/19","targetHints":{"allow":["GET"]}}],"collection":[{"href":"https:\/\/planetepaix.org\/Sommet_jeunes_champions\/wp-json\/wp\/v2\/pages"}],"about":[{"href":"https:\/\/planetepaix.org\/Sommet_jeunes_champions\/wp-json\/wp\/v2\/types\/page"}],"author":[{"embeddable":true,"href":"https:\/\/planetepaix.org\/Sommet_jeunes_champions\/wp-json\/wp\/v2\/users\/1"}],"replies":[{"embeddable":true,"href":"https:\/\/planetepaix.org\/Sommet_jeunes_champions\/wp-json\/wp\/v2\/comments?post=19"}],"version-history":[{"count":18,"href":"https:\/\/planetepaix.org\/Sommet_jeunes_champions\/wp-json\/wp\/v2\/pages\/19\/revisions"}],"predecessor-version":[{"id":554,"href":"https:\/\/planetepaix.org\/Sommet_jeunes_champions\/wp-json\/wp\/v2\/pages\/19\/revisions\/554"}],"wp:attachment":[{"href":"https:\/\/planetepaix.org\/Sommet_jeunes_champions\/wp-json\/wp\/v2\/media?parent=19"}],"curies":[{"name":"wp","href":"https:\/\/api.w.org\/{rel}","templated":true}]}}