{"id":16,"date":"2020-02-15T16:21:30","date_gmt":"2020-02-15T15:21:30","guid":{"rendered":"http:\/\/planetepaix.org\/Sommet_jeunes_champions\/?page_id=16"},"modified":"2022-06-01T01:31:56","modified_gmt":"2022-05-31T23:31:56","slug":"conseil-des-champions-pays","status":"publish","type":"page","link":"https:\/\/planetepaix.org\/Sommet_jeunes_champions\/conseil-des-champions-pays\/","title":{"rendered":"Conseil des Champions Pays"},"content":{"rendered":"\n<h1 class=\"has-text-align-left has-black-color has-text-color wp-block-heading\"><strong><strong>Une touche de champion pour la paix, la s\u00e9curit\u00e9 et le d\u00e9veloppement durable<\/strong><\/strong>  <\/h1>\n\n\n\n<div id=\"wp-block-themeisle-blocks-advanced-columns-f315c9a5\" class=\"wp-block-themeisle-blocks-advanced-columns has-2-columns has-desktop-twoOne-layout has-tablet-equal-layout has-mobile-collapsedRows-layout has-vertical-unset\"><div class=\"wp-block-themeisle-blocks-advanced-columns-overlay\"><\/div><div class=\"innerblocks-wrap\">\n<div id=\"wp-block-themeisle-blocks-advanced-column-ed1ccccb\" class=\"wp-block-themeisle-blocks-advanced-column\">\n<figure class=\"wp-block-image size-large\"><img loading=\"lazy\" decoding=\"async\" width=\"1024\" height=\"576\" src=\"https:\/\/planetepaix.org\/Sommet_jeunes_champions\/wp-content\/uploads\/2020\/02\/DSC03680-1024x576.jpg\" alt=\"\" class=\"wp-image-76\" srcset=\"https:\/\/planetepaix.org\/Sommet_jeunes_champions\/wp-content\/uploads\/2020\/02\/DSC03680-1024x576.jpg 1024w, https:\/\/planetepaix.org\/Sommet_jeunes_champions\/wp-content\/uploads\/2020\/02\/DSC03680-300x169.jpg 300w, https:\/\/planetepaix.org\/Sommet_jeunes_champions\/wp-content\/uploads\/2020\/02\/DSC03680-768x432.jpg 768w, https:\/\/planetepaix.org\/Sommet_jeunes_champions\/wp-content\/uploads\/2020\/02\/DSC03680-1536x863.jpg 1536w, https:\/\/planetepaix.org\/Sommet_jeunes_champions\/wp-content\/uploads\/2020\/02\/DSC03680-2048x1151.jpg 2048w\" sizes=\"auto, (max-width: 1024px) 100vw, 1024px\" \/><\/figure>\n<\/div>\n\n\n\n<div id=\"wp-block-themeisle-blocks-advanced-column-87fd0790\" class=\"wp-block-themeisle-blocks-advanced-column\">\n<p style=\"text-align: justify; !important\">Le Programme compte 30 Champions Pays.&nbsp; Pris individuellement, Ils constituent des points focaux dans leurs pays respectifs. Tous les points focaux forment le Conseil des Champions Pays (CCP) pour la Paix, la S\u00e9curit\u00e9 et le D\u00e9veloppement Durable. Ils apportent leurs touches pour un monde pacifique. Le Conseil est un organe consultatif et un instrument de promotion et de r\u00e9flexion sur les questions d\u2019actualit\u00e9 touchant \u00e0 la Paix, la S\u00e9curit\u00e9 et au D\u00e9veloppement Durable.<\/p>\n\n\n\n<p style=\"text-align: justify; !important\">Le CCP est une institution du Programme des Jeunes Champions. Il tient ses propres r\u00e9unions sous la pr\u00e9sidence du Pr\u00e9sident et du Vice-Pr\u00e9sident \u00e9lus. L\u2019objectif des r\u00e9unions du CCP est de conseiller et d\u2019accompagner les gouvernements des pays respectifs sur des questions susmentionn\u00e9es.<\/p>\n\n\n\n<p><\/p>\n<\/div>\n<\/div><\/div>\n","protected":false},"excerpt":{"rendered":"<p>Une touche de champion pour la paix, la s\u00e9curit\u00e9 et le d\u00e9veloppement durable<\/p>\n","protected":false},"author":1,"featured_media":0,"parent":0,"menu_order":0,"comment_status":"closed","ping_status":"closed","template":"","meta":{"neve_meta_sidebar":"full-width","neve_meta_container":"","neve_meta_enable_content_width":"on","neve_meta_content_width":100,"neve_meta_title_alignment":"","neve_meta_author_avatar":"","neve_post_elements_order":"","neve_meta_disable_header":"","neve_meta_disable_footer":"","neve_meta_disable_title":"","_themeisle_gutenberg_block_has_review":false,"footnotes":""},"class_list":["post-16","page","type-page","status-publish","hentry"],"_links":{"self":[{"href":"https:\/\/planetepaix.org\/Sommet_jeunes_champions\/wp-json\/wp\/v2\/pages\/16","targetHints":{"allow":["GET"]}}],"collection":[{"href":"https:\/\/planetepaix.org\/Sommet_jeunes_champions\/wp-json\/wp\/v2\/pages"}],"about":[{"href":"https:\/\/planetepaix.org\/Sommet_jeunes_champions\/wp-json\/wp\/v2\/types\/page"}],"author":[{"embeddable":true,"href":"https:\/\/planetepaix.org\/Sommet_jeunes_champions\/wp-json\/wp\/v2\/users\/1"}],"replies":[{"embeddable":true,"href":"https:\/\/planetepaix.org\/Sommet_jeunes_champions\/wp-json\/wp\/v2\/comments?post=16"}],"version-history":[{"count":13,"href":"https:\/\/planetepaix.org\/Sommet_jeunes_champions\/wp-json\/wp\/v2\/pages\/16\/revisions"}],"predecessor-version":[{"id":798,"href":"https:\/\/planetepaix.org\/Sommet_jeunes_champions\/wp-json\/wp\/v2\/pages\/16\/revisions\/798"}],"wp:attachment":[{"href":"https:\/\/planetepaix.org\/Sommet_jeunes_champions\/wp-json\/wp\/v2\/media?parent=16"}],"curies":[{"name":"wp","href":"https:\/\/api.w.org\/{rel}","templated":true}]}}