{"id":15,"date":"2020-02-15T16:12:45","date_gmt":"2020-02-15T15:12:45","guid":{"rendered":"http:\/\/planetepaix.org\/Sommet_jeunes_champions\/zelle-frontpage\/"},"modified":"2025-12-04T22:19:23","modified_gmt":"2025-12-04T21:19:23","slug":"zelle-frontpage","status":"publish","type":"page","link":"https:\/\/planetepaix.org\/Sommet_jeunes_champions\/","title":{"rendered":"Accueil"},"content":{"rendered":"\t\t<div data-elementor-type=\"wp-page\" data-elementor-id=\"15\" class=\"elementor elementor-15\">\n\t\t\t\t\t\t<div class=\"elementor-inner\">\n\t\t\t\t<div class=\"elementor-section-wrap\">\n\t\t\t\t\t\t\t\t\t<section class=\"elementor-section elementor-top-section elementor-element elementor-element-5c6667a4 elementor-section-full_width elementor-section-content-middle elementor-section-height-default elementor-section-height-default\" data-id=\"5c6667a4\" data-element_type=\"section\" data-settings=\"{&quot;background_background&quot;:&quot;classic&quot;}\">\n\t\t\t\t\t\t\t<div class=\"elementor-background-overlay\"><\/div>\n\t\t\t\t\t\t\t<div class=\"elementor-container elementor-column-gap-default\">\n\t\t\t\t\t\t\t<div class=\"elementor-row\">\n\t\t\t\t\t<div class=\"elementor-column elementor-col-100 elementor-top-column elementor-element elementor-element-1076e691\" data-id=\"1076e691\" data-element_type=\"column\">\n\t\t\t<div class=\"elementor-column-wrap elementor-element-populated\">\n\t\t\t\t\t\t\t<div class=\"elementor-widget-wrap\">\n\t\t\t\t\t\t<section class=\"elementor-section elementor-inner-section elementor-element elementor-element-1cbcc54b elementor-section-boxed elementor-section-height-default elementor-section-height-default\" data-id=\"1cbcc54b\" data-element_type=\"section\">\n\t\t\t\t\t\t<div class=\"elementor-container elementor-column-gap-default\">\n\t\t\t\t\t\t\t<div class=\"elementor-row\">\n\t\t\t\t\t<div class=\"elementor-column elementor-col-100 elementor-inner-column elementor-element elementor-element-4edcd1cd\" data-id=\"4edcd1cd\" data-element_type=\"column\">\n\t\t\t<div class=\"elementor-column-wrap elementor-element-populated\">\n\t\t\t\t\t\t\t<div class=\"elementor-widget-wrap\">\n\t\t\t\t\t\t<div class=\"elementor-element elementor-element-51ff795c elementor-align-center elementor-mobile-align-center elementor-button-warning elementor-widget elementor-widget-button\" data-id=\"51ff795c\" data-element_type=\"widget\" data-widget_type=\"button.default\">\n\t\t\t\t<div class=\"elementor-widget-container\">\n\t\t\t\t\t<div class=\"elementor-button-wrapper\">\n\t\t\t<a href=\"https:\/\/planetepaix.org\/Sommet_jeunes_champions\/choix-inscription\/\" target=\"_blank\" class=\"elementor-button-link elementor-button elementor-size-sm\" role=\"button\">\n\t\t\t\t\t\t<span class=\"elementor-button-content-wrapper\">\n\t\t\t\t\t\t<span class=\"elementor-button-text\">S'INSCRIRE POUR YAMOUSSOUKRO, C\u00d4TE D'IVOIRE 2026<\/span>\n\t\t<\/span>\n\t\t\t\t\t<\/a>\n\t\t<\/div>\n\t\t\t\t<\/div>\n\t\t\t\t<\/div>\n\t\t\t\t\t\t<\/div>\n\t\t\t\t\t<\/div>\n\t\t<\/div>\n\t\t\t\t\t\t\t\t<\/div>\n\t\t\t\t\t<\/div>\n\t\t<\/section>\n\t\t\t\t\t\t<\/div>\n\t\t\t\t\t<\/div>\n\t\t<\/div>\n\t\t\t\t\t\t\t\t<\/div>\n\t\t\t\t\t<\/div>\n\t\t<\/section>\n\t\t\t\t<section class=\"elementor-section elementor-top-section elementor-element elementor-element-fa399ca elementor-section-boxed elementor-section-height-default elementor-section-height-default\" data-id=\"fa399ca\" data-element_type=\"section\">\n\t\t\t\t\t\t<div class=\"elementor-container elementor-column-gap-default\">\n\t\t\t\t\t\t\t<div class=\"elementor-row\">\n\t\t\t\t\t<div class=\"elementor-column elementor-col-100 elementor-top-column elementor-element elementor-element-8eedee0\" data-id=\"8eedee0\" data-element_type=\"column\">\n\t\t\t<div class=\"elementor-column-wrap elementor-element-populated\">\n\t\t\t\t\t\t\t<div class=\"elementor-widget-wrap\">\n\t\t\t\t\t\t<div class=\"elementor-element elementor-element-0dd560f elementor-widget elementor-widget-spacer\" data-id=\"0dd560f\" data-element_type=\"widget\" data-widget_type=\"spacer.default\">\n\t\t\t\t<div class=\"elementor-widget-container\">\n\t\t\t\t\t<div class=\"elementor-spacer\">\n\t\t\t<div class=\"elementor-spacer-inner\"><\/div>\n\t\t<\/div>\n\t\t\t\t<\/div>\n\t\t\t\t<\/div>\n\t\t\t\t<div class=\"elementor-element elementor-element-3f26fd1 elementor-widget elementor-widget-shortcode\" data-id=\"3f26fd1\" data-element_type=\"widget\" data-widget_type=\"shortcode.default\">\n\t\t\t\t<div class=\"elementor-widget-container\">\n\t\t\t\t\t<div class=\"elementor-shortcode\"><\/div>\n\t\t\t\t<\/div>\n\t\t\t\t<\/div>\n\t\t\t\t\t\t<\/div>\n\t\t\t\t\t<\/div>\n\t\t<\/div>\n\t\t\t\t\t\t\t\t<\/div>\n\t\t\t\t\t<\/div>\n\t\t<\/section>\n\t\t\t\t<section class=\"elementor-section elementor-top-section elementor-element elementor-element-2b38b89 elementor-section-boxed elementor-section-height-default elementor-section-height-default\" data-id=\"2b38b89\" data-element_type=\"section\">\n\t\t\t\t\t\t<div class=\"elementor-container elementor-column-gap-default\">\n\t\t\t\t\t\t\t<div class=\"elementor-row\">\n\t\t\t\t\t<div class=\"elementor-column elementor-col-100 elementor-top-column elementor-element elementor-element-c620f1a\" data-id=\"c620f1a\" data-element_type=\"column\">\n\t\t\t<div class=\"elementor-column-wrap elementor-element-populated\">\n\t\t\t\t\t\t\t<div class=\"elementor-widget-wrap\">\n\t\t\t\t\t\t<div class=\"elementor-element elementor-element-76afbb3 elementor-widget elementor-widget-image\" data-id=\"76afbb3\" data-element_type=\"widget\" data-widget_type=\"image.default\">\n\t\t\t\t<div class=\"elementor-widget-container\">\n\t\t\t\t\t\t\t\t<div class=\"elementor-image\">\n\t\t\t\t\t\t\t\t\t\t\t\t<img loading=\"lazy\" decoding=\"async\" width=\"1024\" height=\"125\" src=\"https:\/\/planetepaix.org\/Sommet_jeunes_champions\/wp-content\/uploads\/2020\/04\/BANNIERE_Plan-de-travail-1_Plan-de-travail-1-1024x125.png\" class=\"attachment-large size-large\" alt=\"\" srcset=\"https:\/\/planetepaix.org\/Sommet_jeunes_champions\/wp-content\/uploads\/2020\/04\/BANNIERE_Plan-de-travail-1_Plan-de-travail-1-1024x125.png 1024w, https:\/\/planetepaix.org\/Sommet_jeunes_champions\/wp-content\/uploads\/2020\/04\/BANNIERE_Plan-de-travail-1_Plan-de-travail-1-300x37.png 300w, https:\/\/planetepaix.org\/Sommet_jeunes_champions\/wp-content\/uploads\/2020\/04\/BANNIERE_Plan-de-travail-1_Plan-de-travail-1-768x94.png 768w, https:\/\/planetepaix.org\/Sommet_jeunes_champions\/wp-content\/uploads\/2020\/04\/BANNIERE_Plan-de-travail-1_Plan-de-travail-1-1536x188.png 1536w, https:\/\/planetepaix.org\/Sommet_jeunes_champions\/wp-content\/uploads\/2020\/04\/BANNIERE_Plan-de-travail-1_Plan-de-travail-1-2048x250.png 2048w\" sizes=\"auto, (max-width: 1024px) 100vw, 1024px\" \/>\t\t\t\t\t\t\t\t\t\t\t\t\t\t<\/div>\n\t\t\t\t\t\t<\/div>\n\t\t\t\t<\/div>\n\t\t\t\t\t\t<\/div>\n\t\t\t\t\t<\/div>\n\t\t<\/div>\n\t\t\t\t\t\t\t\t<\/div>\n\t\t\t\t\t<\/div>\n\t\t<\/section>\n\t\t\t\t<section class=\"elementor-section elementor-top-section elementor-element elementor-element-42745a9 elementor-section-boxed elementor-section-height-default elementor-section-height-default\" data-id=\"42745a9\" data-element_type=\"section\">\n\t\t\t\t\t\t<div class=\"elementor-container elementor-column-gap-default\">\n\t\t\t\t\t\t\t<div class=\"elementor-row\">\n\t\t\t\t\t<div class=\"elementor-column elementor-col-100 elementor-top-column elementor-element elementor-element-dc16fb9\" data-id=\"dc16fb9\" data-element_type=\"column\">\n\t\t\t<div class=\"elementor-column-wrap elementor-element-populated\">\n\t\t\t\t\t\t\t<div class=\"elementor-widget-wrap\">\n\t\t\t\t\t\t<div class=\"elementor-element elementor-element-192a20c elementor-widget elementor-widget-shortcode\" data-id=\"192a20c\" data-element_type=\"widget\" data-widget_type=\"shortcode.default\">\n\t\t\t\t<div class=\"elementor-widget-container\">\n\t\t\t\t\t<div class=\"elementor-shortcode\"><\/div>\n\t\t\t\t<\/div>\n\t\t\t\t<\/div>\n\t\t\t\t\t\t<\/div>\n\t\t\t\t\t<\/div>\n\t\t<\/div>\n\t\t\t\t\t\t\t\t<\/div>\n\t\t\t\t\t<\/div>\n\t\t<\/section>\n\t\t\t\t<section class=\"elementor-section elementor-top-section elementor-element elementor-element-3439293 elementor-section-content-middle elementor-reverse-mobile elementor-section-boxed elementor-section-height-default elementor-section-height-default\" data-id=\"3439293\" data-element_type=\"section\">\n\t\t\t\t\t\t<div class=\"elementor-container elementor-column-gap-default\">\n\t\t\t\t\t\t\t<div class=\"elementor-row\">\n\t\t\t\t\t<div class=\"elementor-column elementor-col-50 elementor-top-column elementor-element elementor-element-bca751d\" data-id=\"bca751d\" data-element_type=\"column\">\n\t\t\t<div class=\"elementor-column-wrap elementor-element-populated\">\n\t\t\t\t\t\t\t<div class=\"elementor-widget-wrap\">\n\t\t\t\t\t\t<div class=\"elementor-element elementor-element-4848c9ec elementor-widget elementor-widget-heading\" data-id=\"4848c9ec\" data-element_type=\"widget\" data-widget_type=\"heading.default\">\n\t\t\t\t<div class=\"elementor-widget-container\">\n\t\t\t<h4 class=\"elementor-heading-title elementor-size-default\">LE SOMMET DES JEUNES CHAMPIONS POUR LA PAIX, LA S\u00c9CURIT\u00c9 ET LE D\u00c9VELOPPEMENT DURABLE<\/h4>\t\t<\/div>\n\t\t\t\t<\/div>\n\t\t\t\t<div class=\"elementor-element elementor-element-308b5388 elementor-widget elementor-widget-text-editor\" data-id=\"308b5388\" data-element_type=\"widget\" data-widget_type=\"text-editor.default\">\n\t\t\t\t<div class=\"elementor-widget-container\">\n\t\t\t\t\t\t\t\t<div class=\"elementor-text-editor elementor-clearfix\">\n\t\t\t\t\t\t\t\t\t<\/div>\n\t\t\t\t\t\t<\/div>\n\t\t\t\t<\/div>\n\t\t\t\t\t\t<\/div>\n\t\t\t\t\t<\/div>\n\t\t<\/div>\n\t\t\t\t<div class=\"elementor-column elementor-col-50 elementor-top-column elementor-element elementor-element-58514a27\" data-id=\"58514a27\" data-element_type=\"column\">\n\t\t\t<div class=\"elementor-column-wrap elementor-element-populated\">\n\t\t\t\t\t\t\t<div class=\"elementor-widget-wrap\">\n\t\t\t\t\t\t<div class=\"elementor-element elementor-element-2277841a elementor-widget elementor-widget-image\" data-id=\"2277841a\" data-element_type=\"widget\" data-widget_type=\"image.default\">\n\t\t\t\t<div class=\"elementor-widget-container\">\n\t\t\t\t\t\t\t\t<div class=\"elementor-image\">\n\t\t\t\t\t\t\t\t\t\t\t\t<img loading=\"lazy\" decoding=\"async\" width=\"720\" height=\"480\" src=\"https:\/\/planetepaix.org\/Sommet_jeunes_champions\/wp-content\/uploads\/2020\/02\/sommet.jpg\" class=\"attachment-full size-full\" alt=\"\" srcset=\"https:\/\/planetepaix.org\/Sommet_jeunes_champions\/wp-content\/uploads\/2020\/02\/sommet.jpg 720w, https:\/\/planetepaix.org\/Sommet_jeunes_champions\/wp-content\/uploads\/2020\/02\/sommet-300x200.jpg 300w\" sizes=\"auto, (max-width: 720px) 100vw, 720px\" \/>\t\t\t\t\t\t\t\t\t\t\t\t\t\t<\/div>\n\t\t\t\t\t\t<\/div>\n\t\t\t\t<\/div>\n\t\t\t\t\t\t<\/div>\n\t\t\t\t\t<\/div>\n\t\t<\/div>\n\t\t\t\t\t\t\t\t<\/div>\n\t\t\t\t\t<\/div>\n\t\t<\/section>\n\t\t\t\t<section class=\"elementor-section elementor-top-section elementor-element elementor-element-4ee4b870 elementor-section-content-middle elementor-section-boxed elementor-section-height-default elementor-section-height-default\" data-id=\"4ee4b870\" data-element_type=\"section\">\n\t\t\t\t\t\t<div class=\"elementor-container elementor-column-gap-default\">\n\t\t\t\t\t\t\t<div class=\"elementor-row\">\n\t\t\t\t\t<div class=\"elementor-column elementor-col-50 elementor-top-column elementor-element elementor-element-75d1c5f\" data-id=\"75d1c5f\" data-element_type=\"column\">\n\t\t\t<div class=\"elementor-column-wrap elementor-element-populated\">\n\t\t\t\t\t\t\t<div class=\"elementor-widget-wrap\">\n\t\t\t\t\t\t<div class=\"elementor-element elementor-element-f8155af elementor-widget elementor-widget-text-editor\" data-id=\"f8155af\" data-element_type=\"widget\" data-widget_type=\"text-editor.default\">\n\t\t\t\t<div class=\"elementor-widget-container\">\n\t\t\t\t\t\t\t\t<div class=\"elementor-text-editor elementor-clearfix\">\n\t\t\t\t<p style=\"text-align: justify;\">Le Sommet des Jeunes Champions pour la Paix, la S\u00e9curit\u00e9 et le D\u00e9veloppement Durable est avant tout un instrument de paix, de s\u00e9curit\u00e9, de solidarit\u00e9, de d\u00e9mocratie, de coh\u00e9sion, de d\u00e9veloppement et du vivre ensemble.<\/p><p style=\"text-align: justify;\">Les Champions Pays ont pour mission de cr\u00e9er une communaut\u00e9 mondiale de militants pour la paix, la s\u00e9curit\u00e9, la d\u00e9mocratie, un d\u00e9veloppement soutenable, un environnement sain et prosp\u00e8re tout en renfor\u00e7ant leurs liens via les r\u00e9seaux sociaux et en pr\u00e9sentiel \u00e0 travers ateliers, conf\u00e9rence, forum, sommet, r\u00e9unions et renforcement des capacit\u00e9s partout dans le monde. Ils sont charg\u00e9s de coordonner les actions des Champions locaux, de mener des activit\u00e9s conform\u00e9ment aux objectifs du<\/p>\t\t\t\t\t<\/div>\n\t\t\t\t\t\t<\/div>\n\t\t\t\t<\/div>\n\t\t\t\t\t\t<\/div>\n\t\t\t\t\t<\/div>\n\t\t<\/div>\n\t\t\t\t<div class=\"elementor-column elementor-col-50 elementor-top-column elementor-element elementor-element-4967ce9\" data-id=\"4967ce9\" data-element_type=\"column\">\n\t\t\t<div class=\"elementor-column-wrap elementor-element-populated\">\n\t\t\t\t\t\t\t<div class=\"elementor-widget-wrap\">\n\t\t\t\t\t\t<div class=\"elementor-element elementor-element-1dde875 elementor-widget elementor-widget-text-editor\" data-id=\"1dde875\" data-element_type=\"widget\" data-widget_type=\"text-editor.default\">\n\t\t\t\t<div class=\"elementor-widget-container\">\n\t\t\t\t\t\t\t\t<div class=\"elementor-text-editor elementor-clearfix\">\n\t\t\t\t<p style=\"text-align: justify;\">programme, de faire la restitution du Sommet dans leur pays d\u2019origine, de proc\u00e9der \u00e0 la remise des actes du sommet aux autorit\u00e9s de leur pays, d\u2019en faire le suivi et l\u2019\u00e9valuation afin de faire des propositions concr\u00e8tes pour une excellente organisation du sommet. Ils sont charg\u00e9s de mener toutes les actions n\u00e9cessaires pour faciliter la participation de leurs concitoyens.<\/p>\n<p style=\"text-align: justify;\">Ce programme s&rsquo;efforce de cr\u00e9er une communaut\u00e9 de militants pour la d\u00e9mocratie et la paix tout en renfor\u00e7ant leurs liens via les r\u00e9seaux sociaux et gr\u00e2ce \u00e0 des ateliers \u00e9tatiques, des r\u00e9unions et des possibilit\u00e9s de renforcement des capacit\u00e9s dans le monde.<\/p>\t\t\t\t\t<\/div>\n\t\t\t\t\t\t<\/div>\n\t\t\t\t<\/div>\n\t\t\t\t\t\t<\/div>\n\t\t\t\t\t<\/div>\n\t\t<\/div>\n\t\t\t\t\t\t\t\t<\/div>\n\t\t\t\t\t<\/div>\n\t\t<\/section>\n\t\t\t\t<section class=\"elementor-section elementor-top-section elementor-element elementor-element-33edc381 elementor-section-boxed elementor-section-height-default elementor-section-height-default\" data-id=\"33edc381\" data-element_type=\"section\" data-settings=\"{&quot;background_background&quot;:&quot;gradient&quot;,&quot;shape_divider_bottom&quot;:&quot;arrow&quot;,&quot;shape_divider_bottom_negative&quot;:&quot;yes&quot;}\">\n\t\t\t\t\t<div class=\"elementor-shape elementor-shape-bottom\" data-negative=\"true\">\n\t\t\t<svg xmlns=\"http:\/\/www.w3.org\/2000\/svg\" viewBox=\"0 0 700 10\" preserveAspectRatio=\"none\">\n\t<path class=\"elementor-shape-fill\" d=\"M360 0L350 9.9 340 0 0 0 0 10 700 10 700 0\"\/>\n<\/svg>\t\t<\/div>\n\t\t\t\t\t<div class=\"elementor-container elementor-column-gap-default\">\n\t\t\t\t\t\t\t<div class=\"elementor-row\">\n\t\t\t\t\t<div class=\"elementor-column elementor-col-100 elementor-top-column elementor-element elementor-element-78305da3\" data-id=\"78305da3\" data-element_type=\"column\">\n\t\t\t<div class=\"elementor-column-wrap elementor-element-populated\">\n\t\t\t\t\t\t\t<div class=\"elementor-widget-wrap\">\n\t\t\t\t\t\t<div class=\"elementor-element elementor-element-7abe07e6 elementor-widget elementor-widget-heading\" data-id=\"7abe07e6\" data-element_type=\"widget\" data-widget_type=\"heading.default\">\n\t\t\t\t<div class=\"elementor-widget-container\">\n\t\t\t<h3 class=\"elementor-heading-title elementor-size-default\">CONTEXTE<\/h3>\t\t<\/div>\n\t\t\t\t<\/div>\n\t\t\t\t<div class=\"elementor-element elementor-element-7df3125 elementor-widget elementor-widget-image\" data-id=\"7df3125\" data-element_type=\"widget\" data-widget_type=\"image.default\">\n\t\t\t\t<div class=\"elementor-widget-container\">\n\t\t\t\t\t\t\t\t<div class=\"elementor-image\">\n\t\t\t\t\t\t\t\t\t\t\t\t<img loading=\"lazy\" decoding=\"async\" width=\"1024\" height=\"576\" src=\"https:\/\/planetepaix.org\/Sommet_jeunes_champions\/wp-content\/uploads\/2020\/02\/DSC03363-1024x576.jpg\" class=\"attachment-large size-large\" alt=\"\" srcset=\"https:\/\/planetepaix.org\/Sommet_jeunes_champions\/wp-content\/uploads\/2020\/02\/DSC03363-1024x576.jpg 1024w, https:\/\/planetepaix.org\/Sommet_jeunes_champions\/wp-content\/uploads\/2020\/02\/DSC03363-300x169.jpg 300w, https:\/\/planetepaix.org\/Sommet_jeunes_champions\/wp-content\/uploads\/2020\/02\/DSC03363-768x432.jpg 768w, https:\/\/planetepaix.org\/Sommet_jeunes_champions\/wp-content\/uploads\/2020\/02\/DSC03363-1536x863.jpg 1536w, https:\/\/planetepaix.org\/Sommet_jeunes_champions\/wp-content\/uploads\/2020\/02\/DSC03363-2048x1151.jpg 2048w\" sizes=\"auto, (max-width: 1024px) 100vw, 1024px\" \/>\t\t\t\t\t\t\t\t\t\t\t\t\t\t<\/div>\n\t\t\t\t\t\t<\/div>\n\t\t\t\t<\/div>\n\t\t\t\t<div class=\"elementor-element elementor-element-3a1063c3 elementor-widget elementor-widget-testimonial\" data-id=\"3a1063c3\" data-element_type=\"widget\" data-widget_type=\"testimonial.default\">\n\t\t\t\t<div class=\"elementor-widget-container\">\n\t\t\t\t\t<div class=\"elementor-testimonial-wrapper\">\n\t\t\t\t\t\t\t<div class=\"elementor-testimonial-content\"><p  style=\"text-align: justify; !important;\" >Le Sommet des Jeunes Champions pour la Paix, la S\u00e9curit\u00e9 et le D\u00e9veloppement Durable est \u00e9v\u00e9nement unique qui conna\u00eet chaque ann\u00e9e la pr\u00e9sence et la contribution d\u2019une centaine de jeunes participants(es), de tous les continents sur les grandes questions d\u2019actualit\u00e9.\n<p  style=\"text-align: justify; !important;\" > C\u2019est, en effet, un moment important dans la construction et le renforcement de coalitions d\u2019acteurs sur les grandes questions d\u2019actualit\u00e9 comme la Corruption, Migration Climatique, D\u00e9forestation, Lutte contre la pauvret\u00e9, Autonomisation de la femme, Extr\u00e9misme violent et le terrorisme.  Et c\u2019est une grande satisfaction d\u2019avoir d\u00e9montr\u00e9 cette capacit\u00e9 collective des acteurs non-\u00e9tatiques, dans leur diversit\u00e9, \u00e0 \u00e9changer, forger des r\u00e9ponses communes et d\u2019avoir pu s\u2019exprimer ensemble.<\/p>\n<p  style=\"text-align: justify; !important;\" > Ce Sommet repr\u00e9sente un moment de travail approfondi, avec des stages de quelques heures dans des Institutions, des panels d\u2019expert et des restitutions. Les r\u00e9sultats de des trois (03) jours de rencontre sont remis aux diff\u00e9rentes autorit\u00e9s \u00e9tatiques et aux Institutions. Par la diffusion de des \u00e9l\u00e9ments nous esp\u00e9rons que d\u2019autres partenaires rejoignent la plateforme et adh\u00e8rent au programme. Nous formulons le v\u0153u, avec l\u2019ensemble des participants (es), de faire vivre la dynamique cr\u00e9\u00e9e, de renforcer les engagements, et de transformer les propositions des diff\u00e9rents Sommet en avanc\u00e9es. Avec tous les Jeunes Champions, nous restons tr\u00e8s engag\u00e9s pour la r\u00e9ussite du programme et \u0153uvrons pour qu\u2019il soit un succ\u00e8s, mais surtout, qu\u2019apr\u00e8s ce moment de rencontre, tous ceux qui ont capacit\u00e9 \u00e0 agir, renforcent encore leurs interventions. <\/p><p  style=\"text-align: justify; !important;\" >La r\u00e9solution de toutes ces questions d\u2019actualit\u00e9 n\u00e9cessite l\u2019engagement r\u00e9solu de chacun, la coop\u00e9ration au-del\u00e0 des int\u00e9r\u00eats particuliers. C\u2019est le message fort du Sommet, et encore une fois, nous voulons exprimer \u00e0 toutes et \u00e0 tous un grand merci pour leur participation et contribution.<\/p><\/div>\n\t\t\t\n\t\t\t\t\t<\/div>\n\t\t\t\t<\/div>\n\t\t\t\t<\/div>\n\t\t\t\t\t\t<\/div>\n\t\t\t\t\t<\/div>\n\t\t<\/div>\n\t\t\t\t\t\t\t\t<\/div>\n\t\t\t\t\t<\/div>\n\t\t<\/section>\n\t\t\t\t\t\t\t\t\t<\/div>\n\t\t\t<\/div>\n\t\t\t\t\t<\/div>\n\t\t","protected":false},"excerpt":{"rendered":"<p>S&rsquo;INSCRIRE POUR YAMOUSSOUKRO, C\u00d4TE D&rsquo;IVOIRE 2026 LE SOMMET DES JEUNES CHAMPIONS POUR LA PAIX, LA S\u00c9CURIT\u00c9 ET LE D\u00c9VELOPPEMENT DURABLE Le Sommet des Jeunes Champions pour la Paix, la S\u00e9curit\u00e9 et le D\u00e9veloppement Durable est avant tout un instrument de paix, de s\u00e9curit\u00e9, de solidarit\u00e9, de d\u00e9mocratie, de coh\u00e9sion, de d\u00e9veloppement et du vivre ensemble.&hellip;&nbsp;<a href=\"https:\/\/planetepaix.org\/Sommet_jeunes_champions\/\" class=\"\" rel=\"bookmark\">Lire la suite &raquo;<span class=\"screen-reader-text\">Accueil<\/span><\/a><\/p>\n","protected":false},"author":1,"featured_media":0,"parent":0,"menu_order":0,"comment_status":"closed","ping_status":"closed","template":"page-templates\/template-pagebuilder-full-width.php","meta":{"neve_meta_sidebar":"","neve_meta_container":"","neve_meta_enable_content_width":"off","neve_meta_content_width":0,"neve_meta_title_alignment":"","neve_meta_author_avatar":"","neve_post_elements_order":"","neve_meta_disable_header":"","neve_meta_disable_footer":"","neve_meta_disable_title":"","_themeisle_gutenberg_block_has_review":false,"footnotes":""},"class_list":["post-15","page","type-page","status-publish","hentry"],"_links":{"self":[{"href":"https:\/\/planetepaix.org\/Sommet_jeunes_champions\/wp-json\/wp\/v2\/pages\/15","targetHints":{"allow":["GET"]}}],"collection":[{"href":"https:\/\/planetepaix.org\/Sommet_jeunes_champions\/wp-json\/wp\/v2\/pages"}],"about":[{"href":"https:\/\/planetepaix.org\/Sommet_jeunes_champions\/wp-json\/wp\/v2\/types\/page"}],"author":[{"embeddable":true,"href":"https:\/\/planetepaix.org\/Sommet_jeunes_champions\/wp-json\/wp\/v2\/users\/1"}],"replies":[{"embeddable":true,"href":"https:\/\/planetepaix.org\/Sommet_jeunes_champions\/wp-json\/wp\/v2\/comments?post=15"}],"version-history":[{"count":132,"href":"https:\/\/planetepaix.org\/Sommet_jeunes_champions\/wp-json\/wp\/v2\/pages\/15\/revisions"}],"predecessor-version":[{"id":1059,"href":"https:\/\/planetepaix.org\/Sommet_jeunes_champions\/wp-json\/wp\/v2\/pages\/15\/revisions\/1059"}],"wp:attachment":[{"href":"https:\/\/planetepaix.org\/Sommet_jeunes_champions\/wp-json\/wp\/v2\/media?parent=15"}],"curies":[{"name":"wp","href":"https:\/\/api.w.org\/{rel}","templated":true}]}}